{"id":2734,"date":"2021-10-16T09:17:42","date_gmt":"2021-10-16T09:17:42","guid":{"rendered":"https:\/\/www.hrum.pl\/?page_id=2734"},"modified":"2025-02-28T12:56:08","modified_gmt":"2025-02-28T12:56:08","slug":"przemysl-miesny","status":"publish","type":"page","link":"https:\/\/www.hrum.pl\/","title":{"rendered":"OFERTA"},"content":{"rendered":"<h2 style=\"text-align: center;\">&#8222;Jako\u015b\u0107 Bez Granic w Przemys\u0142owym \u015awiecie HRUM&#8221;<\/h2>\n<p style=\"text-align: center;\">\u00a0**HRUM &#8211; TWOJE CENTRUM W PRZEMY\u015aLE MI\u0118SNYM, SPO\u017bYWCZYM, RYBNYM I GASTRONOMICZNYM**<\/p>\n<p>&nbsp;<\/p>\n<p style=\"text-align: center;\">Jeste\u015bmy niekwestionowanym liderem, oferuj\u0105cym niezb\u0119dne narz\u0119dzia specjalistyczne, innowacyjne urz\u0105dzenia oraz wszechstronne akcesoria dla przemys\u0142\u00f3w mi\u0119snego, spo\u017cywczego, rybnego i gastronomicznego.<\/p>\n<p style=\"text-align: center;\">Z HRUM zyskujesz partnera, kt\u00f3ry nie tylko dostarcza narz\u0119dzia, ale r\u00f3wnie\u017c inspiruje do osi\u0105gania najwy\u017cszej jako\u015bci i efektywno\u015bci w ka\u017cdym obszarze przemys\u0142u.<\/p>\n<p>&nbsp;<\/p>\n<div dir=\"auto\" style=\"text-align: center;\"><img decoding=\"async\" class=\"emoji\" role=\"img\" draggable=\"false\" src=\"https:\/\/s.w.org\/images\/core\/emoji\/14.0.0\/svg\/1f527.svg\" alt=\"\ud83d\udd27\" \/>\u00a0Witajcie w \u015awiat Narz\u0119dzi!\u00a0<img decoding=\"async\" class=\"emoji\" role=\"img\" draggable=\"false\" src=\"https:\/\/s.w.org\/images\/core\/emoji\/14.0.0\/svg\/1f528.svg\" alt=\"\ud83d\udd28\" \/><\/div>\n<div dir=\"auto\" style=\"text-align: center;\"><\/div>\n<div dir=\"auto\" style=\"text-align: center;\">Cieszymy si\u0119, \u017ce mo\u017cemy Was zaprosi\u0107 do odkrycia fascynuj\u0105cego \u015bwiata narz\u0119dziowej precyzji!<\/div>\n<div dir=\"auto\" style=\"text-align: center;\">Nasza firma oferuje nie tylko narz\u0119dzia, ale rozwi\u0105zania, kt\u00f3re zrewolucjonizuj\u0105 Wasze projekty.<\/div>\n<div dir=\"auto\" style=\"text-align: center;\"><\/div>\n<div dir=\"auto\" style=\"text-align: center;\">\u00a0**W czym jeste\u015bmy najlepsi?**<\/div>\n<div dir=\"auto\" style=\"text-align: center;\"><\/div>\n<div dir=\"auto\" style=\"text-align: center;\">\u2013 Doskona\u0142a jako\u015b\u0107 narz\u0119dzi, kt\u00f3re spe\u0142ni\u0105 najwy\u017csze standardy.<\/div>\n<div dir=\"auto\" style=\"text-align: center;\">\u2013 Innowacyjne rozwi\u0105zania, kt\u00f3re u\u0142atwi\u0105 Wasz\u0105 prac\u0119.<\/div>\n<div dir=\"auto\" style=\"text-align: center;\">\u2013 Pasja do tworzenia narz\u0119dzi, kt\u00f3re naprawd\u0119 robi\u0105 r\u00f3\u017cnic\u0119.<\/div>\n<div dir=\"auto\" style=\"text-align: center;\"><\/div>\n<div dir=\"auto\" style=\"text-align: center;\">\u00a0Dzi\u0119kujemy \u017ce odwiedzili\u015bcie nasz\u0105 stron\u0119 internetow\u0105.<\/div>\n<div dir=\"auto\" style=\"text-align: center;\">Czeka\u00a0 na Was inspiracje, porady i oczywi\u015bcie \u2013 nasz kompletny asortyment narz\u0119dzi!<\/div>\n<div dir=\"auto\" style=\"text-align: center;\"><\/div>\n<div dir=\"auto\" style=\"text-align: center;\">Do\u0142\u0105czcie do naszej spo\u0142eczno\u015bci majsterkowicz\u00f3w i pasjonat\u00f3w!\u00a0<img decoding=\"async\" class=\"emoji\" role=\"img\" draggable=\"false\" src=\"https:\/\/s.w.org\/images\/core\/emoji\/14.0.0\/svg\/1f4aa.svg\" alt=\"\ud83d\udcaa\" \/><\/div>\n<div dir=\"auto\" style=\"text-align: center;\">\u00a0#Narz\u0119dzia #Majsterkowanie #Precyzja<\/div>\n<div dir=\"auto\"><\/div>\n<div dir=\"auto\" style=\"text-align: center;\">Do\u0142\u0105czcie do Naszej grupy na Facebooku<\/div>\n<div dir=\"auto\"><\/div>\n<div dir=\"auto\" style=\"text-align: center;\"><a href=\"https:\/\/www.facebook.com\/profile.php?id=61556568640322\">FACEBOOK<\/a><\/div>\n<div dir=\"auto\"><\/div>\n<div dir=\"auto\"><\/div>\n<div dir=\"auto\"><\/div>\n<div dir=\"auto\"><\/div>\n<div dir=\"auto\"><\/div>\n<blockquote class=\"wp-embedded-content\" data-secret=\"EZ8rbe9VTy\"><p><a href=\"https:\/\/www.hrum.pl\/?page_id=3766\">No\u017ce do sk\u00f3rowaczek i odb\u0142aniarek<\/a><\/p><\/blockquote>\n<p><iframe class=\"wp-embedded-content\" sandbox=\"allow-scripts\" security=\"restricted\" style=\"position: absolute; clip: rect(1px, 1px, 1px, 1px);\" title=\"&#8222;No\u017ce do sk\u00f3rowaczek i odb\u0142aniarek&#8221; &#8212; NAJWY\u017bSZA JAKO\u015a\u0106 NA OKR\u0104G\u0141O\" src=\"https:\/\/www.hrum.pl\/?page_id=3766&#038;embed=true#?secret=9OtlNkz2SA#?secret=EZ8rbe9VTy\" data-secret=\"EZ8rbe9VTy\" width=\"600\" height=\"338\" frameborder=\"0\" marginwidth=\"0\" marginheight=\"0\" scrolling=\"no\"><\/iframe><\/p>\n<blockquote class=\"wp-embedded-content\" data-secret=\"v3acQ7vOiV\"><p><a href=\"https:\/\/www.hrum.pl\/?page_id=3038\">Pi\u0142y ta\u015bmowe do mi\u0119sa, ryb i drewna.<\/a><\/p><\/blockquote>\n<p><iframe class=\"wp-embedded-content\" sandbox=\"allow-scripts\" security=\"restricted\" style=\"position: absolute; clip: rect(1px, 1px, 1px, 1px);\" title=\"&#8222;Pi\u0142y ta\u015bmowe do mi\u0119sa, ryb i drewna.&#8221; &#8212; NAJWY\u017bSZA JAKO\u015a\u0106 NA OKR\u0104G\u0141O\" src=\"https:\/\/www.hrum.pl\/?page_id=3038&#038;embed=true#?secret=fGP9ffaiiO#?secret=v3acQ7vOiV\" data-secret=\"v3acQ7vOiV\" width=\"600\" height=\"338\" frameborder=\"0\" marginwidth=\"0\" marginheight=\"0\" scrolling=\"no\"><\/iframe><\/p>\n<blockquote class=\"wp-embedded-content\" data-secret=\"mQw2B2lhFH\"><p><a href=\"https:\/\/www.hrum.pl\/?page_id=3245\">PI\u0141Y UBOJOWE<\/a><\/p><\/blockquote>\n<p><iframe class=\"wp-embedded-content\" sandbox=\"allow-scripts\" security=\"restricted\" style=\"position: absolute; clip: rect(1px, 1px, 1px, 1px);\" title=\"&#8222;PI\u0141Y UBOJOWE&#8221; &#8212; NAJWY\u017bSZA JAKO\u015a\u0106 NA OKR\u0104G\u0141O\" src=\"https:\/\/www.hrum.pl\/?page_id=3245&#038;embed=true#?secret=0AyVfxieIa#?secret=mQw2B2lhFH\" data-secret=\"mQw2B2lhFH\" width=\"600\" height=\"338\" frameborder=\"0\" marginwidth=\"0\" marginheight=\"0\" scrolling=\"no\"><\/iframe><\/p>\n<blockquote class=\"wp-embedded-content\" data-secret=\"7lM9IuqRXW\"><p><a href=\"https:\/\/www.hrum.pl\/?page_id=3228&#038;lang=en\">PI\u0141Y ROZBIOROWE<\/a><\/p><\/blockquote>\n<p><iframe class=\"wp-embedded-content\" sandbox=\"allow-scripts\" security=\"restricted\" style=\"position: absolute; clip: rect(1px, 1px, 1px, 1px);\" title=\"&#8222;PI\u0141Y ROZBIOROWE&#8221; &#8212; NAJWY\u017bSZA JAKO\u015a\u0106 NA OKR\u0104G\u0141O\" src=\"https:\/\/www.hrum.pl\/?page_id=3228&#038;lang=en&#038;embed=true#?secret=1ogZl3uote#?secret=7lM9IuqRXW\" data-secret=\"7lM9IuqRXW\" width=\"600\" height=\"338\" frameborder=\"0\" marginwidth=\"0\" marginheight=\"0\" scrolling=\"no\"><\/iframe><\/p>\n<blockquote class=\"wp-embedded-content\" data-secret=\"fiq7izwOxB\"><p><a href=\"https:\/\/www.hrum.pl\/?page_id=3260\">PI\u0141Y DO DROBIU<\/a><\/p><\/blockquote>\n<p><iframe class=\"wp-embedded-content\" sandbox=\"allow-scripts\" security=\"restricted\" style=\"position: absolute; clip: rect(1px, 1px, 1px, 1px);\" title=\"&#8222;PI\u0141Y DO DROBIU&#8221; &#8212; NAJWY\u017bSZA JAKO\u015a\u0106 NA OKR\u0104G\u0141O\" src=\"https:\/\/www.hrum.pl\/?page_id=3260&#038;embed=true#?secret=AllSh947DM#?secret=fiq7izwOxB\" data-secret=\"fiq7izwOxB\" width=\"600\" height=\"338\" frameborder=\"0\" marginwidth=\"0\" marginheight=\"0\" scrolling=\"no\"><\/iframe><\/p>\n<blockquote class=\"wp-embedded-content\" data-secret=\"7TwxxsbHTl\"><p><a href=\"https:\/\/www.hrum.pl\/?page_id=2999\">No\u017ce i osprz\u0119t do krojenia<\/a><\/p><\/blockquote>\n<p><iframe class=\"wp-embedded-content\" sandbox=\"allow-scripts\" security=\"restricted\" style=\"position: absolute; clip: rect(1px, 1px, 1px, 1px);\" title=\"&#8222;No\u017ce i osprz\u0119t do krojenia&#8221; &#8212; NAJWY\u017bSZA JAKO\u015a\u0106 NA OKR\u0104G\u0141O\" src=\"https:\/\/www.hrum.pl\/?page_id=2999&#038;embed=true#?secret=7mhv4RLG47#?secret=7TwxxsbHTl\" data-secret=\"7TwxxsbHTl\" width=\"600\" height=\"338\" frameborder=\"0\" marginwidth=\"0\" marginheight=\"0\" scrolling=\"no\"><\/iframe><\/p>\n<blockquote class=\"wp-embedded-content\" data-secret=\"7jAZI6gqax\"><p><a href=\"https:\/\/www.hrum.pl\/?page_id=3659\">Pi\u0142a r\u0119czna  * Ci\u0119cie r\u0119czne<\/a><\/p><\/blockquote>\n<p><iframe class=\"wp-embedded-content\" sandbox=\"allow-scripts\" security=\"restricted\" style=\"position: absolute; clip: rect(1px, 1px, 1px, 1px);\" title=\"&#8222;Pi\u0142a r\u0119czna  * Ci\u0119cie r\u0119czne&#8221; &#8212; NAJWY\u017bSZA JAKO\u015a\u0106 NA OKR\u0104G\u0141O\" src=\"https:\/\/www.hrum.pl\/?page_id=3659&#038;embed=true#?secret=jnWy72IcXv#?secret=7jAZI6gqax\" data-secret=\"7jAZI6gqax\" width=\"600\" height=\"338\" frameborder=\"0\" marginwidth=\"0\" marginheight=\"0\" scrolling=\"no\"><\/iframe><\/p>\n<blockquote class=\"wp-embedded-content\" data-secret=\"5Dq1PLn8Xa\"><p><a href=\"https:\/\/www.hrum.pl\/?page_id=3130&#038;lang=en\">U\u017bYWANE &#8211; Sprz\u0119ty i Maszyny<\/a><\/p><\/blockquote>\n<p><iframe class=\"wp-embedded-content\" sandbox=\"allow-scripts\" security=\"restricted\" style=\"position: absolute; clip: rect(1px, 1px, 1px, 1px);\" title=\"&#8222;U\u017bYWANE &#8211; Sprz\u0119ty i Maszyny&#8221; &#8212; NAJWY\u017bSZA JAKO\u015a\u0106 NA OKR\u0104G\u0141O\" src=\"https:\/\/www.hrum.pl\/?page_id=3130&#038;lang=en&#038;embed=true#?secret=6mXc9Nbopq#?secret=5Dq1PLn8Xa\" data-secret=\"5Dq1PLn8Xa\" width=\"600\" height=\"338\" frameborder=\"0\" marginwidth=\"0\" marginheight=\"0\" scrolling=\"no\"><\/iframe><\/p>\n<p style=\"text-align: center;\"><a href=\"https:\/\/www.hrum.pl\/?product_cat=kategorie\">SKLEP<\/a><\/p>\n<p>&nbsp;<\/p>\n<div dir=\"auto\" style=\"text-align: center;\"><\/div>\n<p>&nbsp;<\/p>\n<p><img loading=\"lazy\" decoding=\"async\" class=\"size-medium wp-image-3105 aligncenter\" src=\"https:\/\/www.hrum.pl\/wp-content\/uploads\/2021\/11\/ALL-BLUE-1-300x297.jpg\" alt=\"\" width=\"300\" height=\"297\" srcset=\"https:\/\/www.hrum.pl\/wp-content\/uploads\/2021\/11\/ALL-BLUE-1-300x297.jpg 300w, https:\/\/www.hrum.pl\/wp-content\/uploads\/2021\/11\/ALL-BLUE-1-150x150.jpg 150w, https:\/\/www.hrum.pl\/wp-content\/uploads\/2021\/11\/ALL-BLUE-1-162x160.jpg 162w, https:\/\/www.hrum.pl\/wp-content\/uploads\/2021\/11\/ALL-BLUE-1.jpg 312w\" sizes=\"(max-width: 300px) 100vw, 300px\" \/><\/p>\n","protected":false},"excerpt":{"rendered":"<p>&#8222;Jako\u015b\u0107 Bez Granic w Przemys\u0142owym \u015awiecie HRUM&#8221; \u00a0**HRUM &#8211; TWOJE CENTRUM W PRZEMY\u015aLE MI\u0118SNYM, SPO\u017bYWCZYM, RYBNYM I GASTRONOMICZNYM** &nbsp; Jeste\u015bmy niekwestionowanym liderem, oferuj\u0105cym niezb\u0119dne narz\u0119dzia specjalistyczne, innowacyjne urz\u0105dzenia oraz wszechstronne akcesoria dla przemys\u0142\u00f3w mi\u0119snego, spo\u017cywczego, rybnego i gastronomicznego. Z HRUM zyskujesz partnera, kt\u00f3ry nie tylko dostarcza narz\u0119dzia, ale r\u00f3wnie\u017c inspiruje do osi\u0105gania najwy\u017cszej jako\u015bci i [&hellip;]<\/p>\n","protected":false},"author":1,"featured_media":0,"parent":0,"menu_order":0,"comment_status":"closed","ping_status":"closed","template":"","meta":{"footnotes":""},"_links":{"self":[{"href":"https:\/\/www.hrum.pl\/index.php?rest_route=\/wp\/v2\/pages\/2734"}],"collection":[{"href":"https:\/\/www.hrum.pl\/index.php?rest_route=\/wp\/v2\/pages"}],"about":[{"href":"https:\/\/www.hrum.pl\/index.php?rest_route=\/wp\/v2\/types\/page"}],"author":[{"embeddable":true,"href":"https:\/\/www.hrum.pl\/index.php?rest_route=\/wp\/v2\/users\/1"}],"replies":[{"embeddable":true,"href":"https:\/\/www.hrum.pl\/index.php?rest_route=%2Fwp%2Fv2%2Fcomments&post=2734"}],"version-history":[{"count":51,"href":"https:\/\/www.hrum.pl\/index.php?rest_route=\/wp\/v2\/pages\/2734\/revisions"}],"predecessor-version":[{"id":3938,"href":"https:\/\/www.hrum.pl\/index.php?rest_route=\/wp\/v2\/pages\/2734\/revisions\/3938"}],"wp:attachment":[{"href":"https:\/\/www.hrum.pl\/index.php?rest_route=%2Fwp%2Fv2%2Fmedia&parent=2734"}],"curies":[{"name":"wp","href":"https:\/\/api.w.org\/{rel}","templated":true}]}}