{"id":3228,"date":"2023-03-25T11:05:25","date_gmt":"2023-03-25T11:05:25","guid":{"rendered":"https:\/\/www.hrum.pl\/?page_id=3228"},"modified":"2024-10-14T20:04:09","modified_gmt":"2024-10-14T20:04:09","slug":"pily-rozbiorowe","status":"publish","type":"page","link":"https:\/\/www.hrum.pl\/?page_id=3228&lang=en","title":{"rendered":"PI\u0141Y ROZBIOROWE"},"content":{"rendered":"<p style=\"text-align: center;\"><strong>&#8222;Jako\u015b\u0107 Bez Granic w Przemys\u0142owym \u015awiecie HRUM&#8221;<\/strong><\/p>\n<p style=\"text-align: center;\">\ud83d\udd2a **PI\u0141Y TA\u015aMOWE DO ROZCINANIA TUSZ &#8211; EFEKTYWNE ROZBI\u00d3R MI\u0118SA** \ud83d\udd2a<\/p>\n<p style=\"text-align: center;\">Nasze ta\u015bmy tn\u0105ce, wykonane z wysokiej jako\u015bci stali i specjalnych stop\u00f3w, to klucz do optymalnej wydajno\u015bci rozcinania wszelkiego rodzaju tuszu bydl\u0119cego podczas procesu rozbioru mi\u0119sa.<\/p>\n<p style=\"text-align: center;\">Zr\u00f3\u017cnicowane konfiguracje naszych pi\u0142 ta\u015bmowych gwarantuj\u0105 wszechstronno\u015b\u0107, spe\u0142niaj\u0105c r\u00f3\u017cnorodne potrzeby w procesie rozbioru. Odkryj precyzj\u0119 w ka\u017cdym kroku z naszymi pi\u0142ami ta\u015bmowymi do rozcinania tuszu. \ud83d\udcbc<\/p>\n<p>&nbsp;<\/p>\n<figure id=\"attachment_3840\" aria-describedby=\"caption-attachment-3840\" style=\"width: 150px\" class=\"wp-caption alignleft\"><img loading=\"lazy\" decoding=\"async\" class=\"wp-image-3840 size-thumbnail\" src=\"https:\/\/www.hrum.pl\/wp-content\/uploads\/2024\/10\/ROZBIOR-3TPI-SPLITING-150x150.png\" alt=\"\" width=\"150\" height=\"150\" srcset=\"https:\/\/www.hrum.pl\/wp-content\/uploads\/2024\/10\/ROZBIOR-3TPI-SPLITING-150x150.png 150w, https:\/\/www.hrum.pl\/wp-content\/uploads\/2024\/10\/ROZBIOR-3TPI-SPLITING-100x100.png 100w, https:\/\/www.hrum.pl\/wp-content\/uploads\/2024\/10\/ROZBIOR-3TPI-SPLITING-161x160.png 161w, https:\/\/www.hrum.pl\/wp-content\/uploads\/2024\/10\/ROZBIOR-3TPI-SPLITING.png 213w\" sizes=\"(max-width: 150px) 100vw, 150px\" \/><figcaption id=\"caption-attachment-3840\" class=\"wp-caption-text\">3TPI SPLITING &#8211; Rozmiar z\u0119ba 8,46 mm ( 3 z\u0119by na cal ). Do rozdrabniania tusz, g\u0142\u00f3wnie wo\u0142owiny.<\/figcaption><\/figure>\n<figure id=\"attachment_3841\" aria-describedby=\"caption-attachment-3841\" style=\"width: 150px\" class=\"wp-caption alignleft\"><img loading=\"lazy\" decoding=\"async\" class=\"wp-image-3841 size-thumbnail\" src=\"https:\/\/www.hrum.pl\/wp-content\/uploads\/2024\/10\/3TPI-HPL-150x150.png\" alt=\"\" width=\"150\" height=\"150\" srcset=\"https:\/\/www.hrum.pl\/wp-content\/uploads\/2024\/10\/3TPI-HPL-150x150.png 150w, https:\/\/www.hrum.pl\/wp-content\/uploads\/2024\/10\/3TPI-HPL-100x100.png 100w\" sizes=\"(max-width: 150px) 100vw, 150px\" \/><figcaption id=\"caption-attachment-3841\" class=\"wp-caption-text\">3TPI HPL &#8211; Rozmiar z\u0119ba 8,46 mm ( 3 z\u0119by na cal ). Wykonana ze specjalnej stali o wysokiej wytrzyma\u0142o\u015bci, aby wytrzyma\u0107 du\u017ce napr\u0119\u017cenia i ci\u0119\u017ck\u0105 prac\u0119 zwi\u0105zan\u0105 z roz\u0142upywaniem tusz. Oferuje wy\u017csz\u0105 wydajno\u015b\u0107 ni\u017c wersja standardowa. G\u0142\u00f3wnie odpowiednia dla byd\u0142a , loch i zwierz\u0105t o du\u017cej g\u0119sto\u015bci ko\u015bci.<\/figcaption><\/figure>\n<figure id=\"attachment_3842\" aria-describedby=\"caption-attachment-3842\" style=\"width: 150px\" class=\"wp-caption alignleft\"><img loading=\"lazy\" decoding=\"async\" class=\"wp-image-3842 size-thumbnail\" src=\"https:\/\/www.hrum.pl\/wp-content\/uploads\/2024\/10\/ZH-SPLITING-150x150.png\" alt=\"\" width=\"150\" height=\"150\" srcset=\"https:\/\/www.hrum.pl\/wp-content\/uploads\/2024\/10\/ZH-SPLITING-150x150.png 150w, https:\/\/www.hrum.pl\/wp-content\/uploads\/2024\/10\/ZH-SPLITING-100x100.png 100w\" sizes=\"(max-width: 150px) 100vw, 150px\" \/><figcaption id=\"caption-attachment-3842\" class=\"wp-caption-text\">ZH SPLITING &#8211; Rozmiar z\u0119ba 10 mm. Profil z\u0119ba zaprojektowany z mniejszym z\u0119bem po\u015brednim, dzi\u0119ki temu unikniemy gromadzeniu si\u0119 odpadu w obszarze ci\u0119cia z\u0119ba g\u0142\u00f3wnego, poprawiaj\u0105c wydajno\u015b\u0107 pi\u0142y. Do roz\u0142upywania tusz wo\u0142owych. G\u0142adsze, cichsze spokojniejsze ci\u0119cie.<\/figcaption><\/figure>\n<figure id=\"attachment_3843\" aria-describedby=\"caption-attachment-3843\" style=\"width: 150px\" class=\"wp-caption alignleft\"><img loading=\"lazy\" decoding=\"async\" class=\"wp-image-3843 size-thumbnail\" src=\"https:\/\/www.hrum.pl\/wp-content\/uploads\/2024\/10\/ZH-SPLITING-1-150x150.png\" alt=\"\" width=\"150\" height=\"150\" srcset=\"https:\/\/www.hrum.pl\/wp-content\/uploads\/2024\/10\/ZH-SPLITING-1-150x150.png 150w, https:\/\/www.hrum.pl\/wp-content\/uploads\/2024\/10\/ZH-SPLITING-1-100x100.png 100w\" sizes=\"(max-width: 150px) 100vw, 150px\" \/><figcaption id=\"caption-attachment-3843\" class=\"wp-caption-text\">ZH SPLITING HPL &#8211; Rozmiar z\u0119ba 10 mm. Profil z\u0119ba zaprojektowany z mniejszym z\u0119bem po\u015brednim, dzi\u0119ki temu unikniemy gromadzeniu si\u0119 odpadu w obszarze ci\u0119cia z\u0119ba g\u0142\u00f3wnego, poprawiaj\u0105c wydajno\u015b\u0107 pi\u0142y. Ta\u015bma wykonana ze specjalnej stali o wysokiej wytrzyma\u0142o\u015bci, aby wytrzyma\u0107 du\u017ce napr\u0119\u017cenia i ci\u0119\u017ck\u0105 prac\u0119 z roz\u0142upywaniem tusz. Wy\u017csza wydajno\u015b\u0107 od wersji podstawowej. Dla zwierz\u0105t o du\u017cej g\u0119sto\u015bci ko\u015bci.<\/figcaption><\/figure>\n<figure id=\"attachment_3844\" aria-describedby=\"caption-attachment-3844\" style=\"width: 150px\" class=\"wp-caption alignleft\"><img loading=\"lazy\" decoding=\"async\" class=\"wp-image-3844 size-thumbnail\" src=\"https:\/\/www.hrum.pl\/wp-content\/uploads\/2024\/10\/4tpi-SPL-150x150.png\" alt=\"\" width=\"150\" height=\"150\" srcset=\"https:\/\/www.hrum.pl\/wp-content\/uploads\/2024\/10\/4tpi-SPL-150x150.png 150w, https:\/\/www.hrum.pl\/wp-content\/uploads\/2024\/10\/4tpi-SPL-100x100.png 100w\" sizes=\"(max-width: 150px) 100vw, 150px\" \/><figcaption id=\"caption-attachment-3844\" class=\"wp-caption-text\">4TPI HPL &#8211; Rozmiar z\u0119ba 6,35 mm ( 4 z\u0119by na cal ). Do roz\u0142upywania tusz, g\u0142\u00f3wnie wieprzowych.<\/figcaption><\/figure>\n<p>&nbsp;<\/p>\n<p>&nbsp;<\/p>\n<p>&nbsp;<\/p>\n<p>&nbsp;<\/p>\n<p>&nbsp;<\/p>\n<p>&nbsp;<\/p>\n<p>&nbsp;<\/p>\n<p>&nbsp;<\/p>\n<p>&nbsp;<\/p>\n<p>&nbsp;<\/p>\n<p>&nbsp;<\/p>\n<p>&nbsp;<\/p>\n<p>&nbsp;<\/p>\n<p>&nbsp;<\/p>\n<p>&nbsp;<\/p>\n<p>&nbsp;<\/p>\n<p>&nbsp;<\/p>\n<p>&nbsp;<\/p>\n<p>&nbsp;<\/p>\n<p>&nbsp;<\/p>\n<p><img loading=\"lazy\" decoding=\"async\" class=\"size-thumbnail wp-image-3813 aligncenter\" src=\"https:\/\/www.hrum.pl\/wp-content\/uploads\/2024\/10\/cropped-cropped-Gemini_Generated_Image_sqhvpesqhvpesqhv-150x150.jpg\" alt=\"\" width=\"150\" height=\"150\" srcset=\"https:\/\/www.hrum.pl\/wp-content\/uploads\/2024\/10\/cropped-cropped-Gemini_Generated_Image_sqhvpesqhvpesqhv-150x150.jpg 150w, https:\/\/www.hrum.pl\/wp-content\/uploads\/2024\/10\/cropped-cropped-Gemini_Generated_Image_sqhvpesqhvpesqhv-300x300.jpg 300w, https:\/\/www.hrum.pl\/wp-content\/uploads\/2024\/10\/cropped-cropped-Gemini_Generated_Image_sqhvpesqhvpesqhv-160x160.jpg 160w, https:\/\/www.hrum.pl\/wp-content\/uploads\/2024\/10\/cropped-cropped-Gemini_Generated_Image_sqhvpesqhvpesqhv-500x500.jpg 500w, https:\/\/www.hrum.pl\/wp-content\/uploads\/2024\/10\/cropped-cropped-Gemini_Generated_Image_sqhvpesqhvpesqhv-350x350.jpg 350w, https:\/\/www.hrum.pl\/wp-content\/uploads\/2024\/10\/cropped-cropped-Gemini_Generated_Image_sqhvpesqhvpesqhv-170x170.jpg 170w, https:\/\/www.hrum.pl\/wp-content\/uploads\/2024\/10\/cropped-cropped-Gemini_Generated_Image_sqhvpesqhvpesqhv-270x270.jpg 270w, https:\/\/www.hrum.pl\/wp-content\/uploads\/2024\/10\/cropped-cropped-Gemini_Generated_Image_sqhvpesqhvpesqhv-192x192.jpg 192w, https:\/\/www.hrum.pl\/wp-content\/uploads\/2024\/10\/cropped-cropped-Gemini_Generated_Image_sqhvpesqhvpesqhv-180x180.jpg 180w, https:\/\/www.hrum.pl\/wp-content\/uploads\/2024\/10\/cropped-cropped-Gemini_Generated_Image_sqhvpesqhvpesqhv-32x32.jpg 32w, https:\/\/www.hrum.pl\/wp-content\/uploads\/2024\/10\/cropped-cropped-Gemini_Generated_Image_sqhvpesqhvpesqhv.jpg 512w\" sizes=\"(max-width: 150px) 100vw, 150px\" \/><\/p>\n","protected":false},"excerpt":{"rendered":"<p>&#8222;Jako\u015b\u0107 Bez Granic w Przemys\u0142owym \u015awiecie HRUM&#8221; \ud83d\udd2a **PI\u0141Y TA\u015aMOWE DO ROZCINANIA TUSZ &#8211; EFEKTYWNE ROZBI\u00d3R MI\u0118SA** \ud83d\udd2a Nasze ta\u015bmy tn\u0105ce, wykonane z wysokiej jako\u015bci stali i specjalnych stop\u00f3w, to klucz do optymalnej wydajno\u015bci rozcinania wszelkiego rodzaju tuszu bydl\u0119cego podczas procesu rozbioru mi\u0119sa. Zr\u00f3\u017cnicowane konfiguracje naszych pi\u0142 ta\u015bmowych gwarantuj\u0105 wszechstronno\u015b\u0107, spe\u0142niaj\u0105c r\u00f3\u017cnorodne potrzeby w procesie [&hellip;]<\/p>\n","protected":false},"author":1,"featured_media":2660,"parent":2734,"menu_order":2,"comment_status":"closed","ping_status":"closed","template":"","meta":{"footnotes":""},"_links":{"self":[{"href":"https:\/\/www.hrum.pl\/index.php?rest_route=\/wp\/v2\/pages\/3228"}],"collection":[{"href":"https:\/\/www.hrum.pl\/index.php?rest_route=\/wp\/v2\/pages"}],"about":[{"href":"https:\/\/www.hrum.pl\/index.php?rest_route=\/wp\/v2\/types\/page"}],"author":[{"embeddable":true,"href":"https:\/\/www.hrum.pl\/index.php?rest_route=\/wp\/v2\/users\/1"}],"replies":[{"embeddable":true,"href":"https:\/\/www.hrum.pl\/index.php?rest_route=%2Fwp%2Fv2%2Fcomments&post=3228"}],"version-history":[{"count":13,"href":"https:\/\/www.hrum.pl\/index.php?rest_route=\/wp\/v2\/pages\/3228\/revisions"}],"predecessor-version":[{"id":3862,"href":"https:\/\/www.hrum.pl\/index.php?rest_route=\/wp\/v2\/pages\/3228\/revisions\/3862"}],"up":[{"embeddable":true,"href":"https:\/\/www.hrum.pl\/index.php?rest_route=\/wp\/v2\/pages\/2734"}],"wp:featuredmedia":[{"embeddable":true,"href":"https:\/\/www.hrum.pl\/index.php?rest_route=\/wp\/v2\/media\/2660"}],"wp:attachment":[{"href":"https:\/\/www.hrum.pl\/index.php?rest_route=%2Fwp%2Fv2%2Fmedia&parent=3228"}],"curies":[{"name":"wp","href":"https:\/\/api.w.org\/{rel}","templated":true}]}}